{"id":307,"date":"2023-06-28T12:05:02","date_gmt":"2023-06-28T10:05:02","guid":{"rendered":"https:\/\/www.hanuri.fr\/?page_id=307"},"modified":"2025-09-12T17:29:17","modified_gmt":"2025-09-12T15:29:17","slug":"accueil-2","status":"publish","type":"page","link":"https:\/\/www.hanuri.fr\/en\/accueil-2\/","title":{"rendered":"Mentions l\u00e9gales"},"content":{"rendered":"<div data-elementor-type=\"wp-page\" data-elementor-id=\"307\" class=\"elementor elementor-307\" data-elementor-post-type=\"page\">\n\t\t\t\t<div class=\"elementor-element elementor-element-d7f314d e-flex e-con-boxed e-con e-parent\" data-id=\"d7f314d\" data-element_type=\"container\" data-e-type=\"container\" data-settings=\"{&quot;background_background&quot;:&quot;classic&quot;}\">\n\t\t\t\t\t<div class=\"e-con-inner\">\n\t\t\t\t<div class=\"elementor-element elementor-element-09bfe70 elementor-widget elementor-widget-heading\" data-id=\"09bfe70\" data-element_type=\"widget\" data-e-type=\"widget\" data-widget_type=\"heading.default\">\n\t\t\t\t<div class=\"elementor-widget-container\">\n\t\t\t\t\t<h1 class=\"elementor-heading-title elementor-size-default\">Hanuri Korean Grill<\/h1>\t\t\t\t<\/div>\n\t\t\t\t<\/div>\n\t\t\t\t<div class=\"elementor-element elementor-element-774f015 elementor-widget elementor-widget-heading\" data-id=\"774f015\" data-element_type=\"widget\" data-e-type=\"widget\" data-widget_type=\"heading.default\">\n\t\t\t\t<div class=\"elementor-widget-container\">\n\t\t\t\t\t<h2 class=\"elementor-heading-title elementor-size-default\">Mentions l\u00e9gales<\/h2>\t\t\t\t<\/div>\n\t\t\t\t<\/div>\n\t\t\t\t\t<\/div>\n\t\t\t\t<\/div>\n\t\t<div class=\"elementor-element elementor-element-d2c3f17 e-con-full e-flex e-con e-parent\" data-id=\"d2c3f17\" data-element_type=\"container\" data-e-type=\"container\">\n\t\t\t\t<div class=\"elementor-element elementor-element-805ac4b elementor-widget__width-initial elementor-widget elementor-widget-image\" data-id=\"805ac4b\" data-element_type=\"widget\" data-e-type=\"widget\" data-widget_type=\"image.default\">\n\t\t\t\t<div class=\"elementor-widget-container\">\n\t\t\t\t\t\t\t\t\t\t\t\t\t\t\t<img decoding=\"async\" width=\"216\" height=\"16\" src=\"https:\/\/www.hanuri.fr\/wp-content\/uploads\/2023\/07\/Separateur.svg\" class=\"attachment-full size-full wp-image-591\" alt=\"\" title=\"\">\t\t\t\t\t\t\t\t\t\t\t\t\t\t\t<\/div>\n\t\t\t\t<\/div>\n\t\t\t\t<div class=\"elementor-element elementor-element-85a82c1 elementor-widget__width-initial elementor-widget elementor-widget-text-editor\" data-id=\"85a82c1\" data-element_type=\"widget\" data-e-type=\"widget\" data-widget_type=\"text-editor.default\">\n\t\t\t\t<div class=\"elementor-widget-container\">\n\t\t\t\t\t\t\t\t\t<div class=\"container\"><div class=\"row\"><div class=\"content\"><h1 data-start=\"142\" data-end=\"194\">Mentions l\u00e9gales et politique de confidentialit\u00e9<\/h1><h2 data-start=\"196\" data-end=\"219\">1. \u00c9diteur du site<\/h2><p data-start=\"220\" data-end=\"645\">Le site <strong data-start=\"228\" data-end=\"241\">hanuri.fr<\/strong> est \u00e9dit\u00e9 par :<br data-start=\"257\" data-end=\"260\" \/><strong data-start=\"260\" data-end=\"286\">KFR RESTAURATION (SAS)<\/strong><br data-start=\"286\" data-end=\"289\" \/>Si\u00e8ge social : 1 rue Victor Hugo \u2013 67204 Achenheim<br data-start=\"339\" data-end=\"342\" \/>SIREN : 938 098 084<br data-start=\"361\" data-end=\"364\" \/>SIRET : 938 098 084 00016<br data-start=\"389\" data-end=\"392\" \/>TVA intracommunautaire : FR90938098084<br data-start=\"430\" data-end=\"433\" \/>Code APE : 5610A \u2013 Restauration traditionnelle<br data-start=\"479\" data-end=\"482\" \/>Capital social : 900 000 \u20ac<br data-start=\"508\" data-end=\"511\" \/>Repr\u00e9sentant l\u00e9gal : <strong data-start=\"532\" data-end=\"580\">Jean-Christophe HOLLENDER, Directeur G\u00e9n\u00e9ral<\/strong><br data-start=\"580\" data-end=\"583\" \/>Email : <strong data-start=\"591\" data-end=\"607\"><a class=\"decorated-link cursor-pointer\" rel=\"noopener\" data-start=\"593\" data-end=\"605\">jc@hanuri.fr<\/a><\/strong><br data-start=\"607\" data-end=\"610\" \/>T\u00e9l\u00e9phone : <strong data-start=\"622\" data-end=\"643\">+33 7 81 35 88 98<\/strong><\/p><hr data-start=\"647\" data-end=\"650\" \/><h2 data-start=\"652\" data-end=\"679\">2. H\u00e9bergement du site<\/h2><p data-start=\"680\" data-end=\"867\">Le site est h\u00e9berg\u00e9 par :<br data-start=\"705\" data-end=\"708\" \/><strong data-start=\"708\" data-end=\"720\">OVHcloud<\/strong><br data-start=\"720\" data-end=\"723\" \/>Si\u00e8ge social : 2 rue Kellermann \u2013 59100 Roubaix \u2013 France<br data-start=\"779\" data-end=\"782\" \/>T\u00e9l\u00e9phone : +33 9 72 10 10 07<br data-start=\"811\" data-end=\"814\" \/>Site : <a class=\"decorated-link cursor-pointer\" target=\"_new\" rel=\"noopener\" data-start=\"821\" data-end=\"865\">www.ovhcloud.com<\/a><\/p><hr data-start=\"869\" data-end=\"872\" \/><h2 data-start=\"874\" data-end=\"906\">3. Propri\u00e9t\u00e9 intellectuelle<\/h2><p data-start=\"907\" data-end=\"1122\">L\u2019ensemble du contenu du site (textes, photos, illustrations, logos, fichiers disponibles au t\u00e9l\u00e9chargement, bases de donn\u00e9es, etc.) est la propri\u00e9t\u00e9 exclusive de la soci\u00e9t\u00e9 KFR RESTAURATION ou de ses partenaires.<\/p><p data-start=\"1124\" data-end=\"1385\">Toute reproduction, repr\u00e9sentation, modification, publication, transmission ou d\u00e9naturation, totale ou partielle, du site ou de son contenu, par quelque proc\u00e9d\u00e9 que ce soit, et sur quelque support que ce soit, est interdite sans autorisation \u00e9crite pr\u00e9alable.<\/p><hr data-start=\"1387\" data-end=\"1390\" \/><h2 data-start=\"1392\" data-end=\"1442\">4. Protection des donn\u00e9es personnelles (RGPD)<\/h2><h3 data-start=\"1444\" data-end=\"1479\">4.1 Responsable du traitement<\/h3><p data-start=\"1480\" data-end=\"1599\">Le responsable du traitement des donn\u00e9es personnelles est :<br data-start=\"1539\" data-end=\"1542\" \/><strong data-start=\"1542\" data-end=\"1568\">KFR RESTAURATION (SAS)<\/strong> \u2013 contact : <strong data-start=\"1581\" data-end=\"1597\"><a class=\"decorated-link cursor-pointer\" rel=\"noopener\" data-start=\"1583\" data-end=\"1595\">jc@hanuri.fr<\/a><\/strong><\/p><h3 data-start=\"1601\" data-end=\"1629\">4.2 Donn\u00e9es collect\u00e9es<\/h3><p data-start=\"1630\" data-end=\"1681\">Les donn\u00e9es susceptibles d\u2019\u00eatre collect\u00e9es sont :<\/p><ul data-start=\"1682\" data-end=\"1843\"><li data-start=\"1682\" data-end=\"1730\"><p data-start=\"1684\" data-end=\"1730\">Nom, pr\u00e9nom, coordonn\u00e9es (t\u00e9l\u00e9phone, email),<\/p><\/li><li data-start=\"1731\" data-end=\"1794\"><p data-start=\"1733\" data-end=\"1794\">Informations n\u00e9cessaires \u00e0 la r\u00e9servation ou \u00e0 la commande,<\/p><\/li><li data-start=\"1795\" data-end=\"1843\"><p data-start=\"1797\" data-end=\"1843\">Donn\u00e9es de navigation (cookies, adresse IP).<\/p><\/li><\/ul><h3 data-start=\"1845\" data-end=\"1878\">4.3 Finalit\u00e9s du traitement<\/h3><p data-start=\"1879\" data-end=\"1915\">Les donn\u00e9es sont collect\u00e9es pour :<\/p><ul data-start=\"1916\" data-end=\"2127\"><li data-start=\"1916\" data-end=\"1960\"><p data-start=\"1918\" data-end=\"1960\">G\u00e9rer les r\u00e9servations et les commandes,<\/p><\/li><li data-start=\"1961\" data-end=\"2027\"><p data-start=\"1963\" data-end=\"2027\">Assurer la relation client (confirmation, suivi, facturation),<\/p><\/li><li data-start=\"2028\" data-end=\"2079\"><p data-start=\"2030\" data-end=\"2079\">Am\u00e9liorer l\u2019exp\u00e9rience utilisateur sur le site,<\/p><\/li><li data-start=\"2080\" data-end=\"2127\"><p data-start=\"2082\" data-end=\"2127\">R\u00e9aliser des statistiques de fr\u00e9quentation.<\/p><\/li><\/ul><h3 data-start=\"2129\" data-end=\"2160\">4.4 Dur\u00e9e de conservation<\/h3><ul data-start=\"2161\" data-end=\"2317\"><li data-start=\"2161\" data-end=\"2229\"><p data-start=\"2163\" data-end=\"2229\">Donn\u00e9es de r\u00e9servation : 3 ans maximum apr\u00e8s le dernier contact,<\/p><\/li><li data-start=\"2230\" data-end=\"2286\"><p data-start=\"2232\" data-end=\"2286\">Donn\u00e9es de facturation : 10 ans (obligation l\u00e9gale),<\/p><\/li><li data-start=\"2287\" data-end=\"2317\"><p data-start=\"2289\" data-end=\"2317\">Cookies : 13 mois maximum.<\/p><\/li><\/ul><h3 data-start=\"2319\" data-end=\"2352\">4.5 Droits des utilisateurs<\/h3><p data-start=\"2353\" data-end=\"2558\">Conform\u00e9ment au RGPD et \u00e0 la loi Informatique et Libert\u00e9s :<br data-start=\"2412\" data-end=\"2415\" \/>Vous disposez d\u2019un droit d\u2019acc\u00e8s, de rectification, d\u2019opposition, d\u2019effacement, de portabilit\u00e9 et de limitation du traitement de vos donn\u00e9es.<\/p><p data-start=\"2560\" data-end=\"2730\">Pour exercer vos droits : envoyez un email \u00e0 <strong data-start=\"2605\" data-end=\"2621\"><a class=\"decorated-link cursor-pointer\" rel=\"noopener\" data-start=\"2607\" data-end=\"2619\">jc@hanuri.fr<\/a><\/strong> ou un courrier au si\u00e8ge social.<br data-start=\"2653\" data-end=\"2656\" \/>Vous pouvez \u00e9galement saisir la <strong data-start=\"2688\" data-end=\"2696\">CNIL<\/strong> en cas de litige : <a class=\"decorated-link cursor-pointer\" target=\"_new\" rel=\"noopener\" data-start=\"2716\" data-end=\"2727\">www.cnil.fr<\/a>.<\/p><h3 data-start=\"2732\" data-end=\"2767\">4.6 Destinataires des donn\u00e9es<\/h3><p data-start=\"2768\" data-end=\"3011\">Les donn\u00e9es sont exclusivement destin\u00e9es \u00e0 KFR RESTAURATION.<br data-start=\"2828\" data-end=\"2831\" \/>Elles ne sont transmises \u00e0 aucun tiers, sauf obligation l\u00e9gale ou sous-traitance technique (h\u00e9bergement, prestataire informatique) avec engagement contractuel de confidentialit\u00e9.<\/p><hr data-start=\"3013\" data-end=\"3016\" \/><h2 data-start=\"3018\" data-end=\"3033\">5. Cookies<\/h2><p data-start=\"3034\" data-end=\"3080\">Le site hanuri.fr utilise des cookies pour :<\/p><ul data-start=\"3081\" data-end=\"3243\"><li data-start=\"3081\" data-end=\"3136\"><p data-start=\"3083\" data-end=\"3136\">le bon fonctionnement du site (cookies techniques),<\/p><\/li><li data-start=\"3137\" data-end=\"3195\"><p data-start=\"3139\" data-end=\"3195\">la mesure d\u2019audience (Google Analytics ou \u00e9quivalent),<\/p><\/li><li data-start=\"3196\" data-end=\"3243\"><p data-start=\"3198\" data-end=\"3243\">l\u2019am\u00e9lioration de l\u2019exp\u00e9rience utilisateur.<\/p><\/li><\/ul><p data-start=\"3245\" data-end=\"3441\">Vous pouvez accepter ou refuser les cookies via le bandeau d\u2019information affich\u00e9 lors de votre premi\u00e8re visite, et modifier vos pr\u00e9f\u00e9rences \u00e0 tout moment dans les param\u00e8tres de votre navigateur.<\/p><hr data-start=\"3443\" data-end=\"3446\" \/><h2 data-start=\"3448\" data-end=\"3470\">6. Responsabilit\u00e9<\/h2><p data-start=\"3471\" data-end=\"3759\">La soci\u00e9t\u00e9 KFR RESTAURATION met tout en \u0153uvre pour offrir aux utilisateurs des informations et outils disponibles et v\u00e9rifi\u00e9s. Cependant, elle ne saurait \u00eatre tenue pour responsable des erreurs, d\u2019une absence de disponibilit\u00e9 des fonctionnalit\u00e9s, ou de la pr\u00e9sence de virus sur le site.<\/p><hr data-start=\"3761\" data-end=\"3764\" \/><h2 data-start=\"3766\" data-end=\"3790\">7. Droit applicable<\/h2><p data-start=\"3791\" data-end=\"3993\">Le site et ses mentions l\u00e9gales sont soumis au droit fran\u00e7ais.<br data-start=\"3853\" data-end=\"3856\" \/>En cas de litige, et apr\u00e8s \u00e9chec d\u2019une tentative de r\u00e9solution amiable, les tribunaux comp\u00e9tents de Strasbourg seront seuls comp\u00e9tents.<\/p><\/div><\/div><\/div>\t\t\t\t\t\t\t\t<\/div>\n\t\t\t\t<\/div>\n\t\t\t\t<\/div>\n\t\t\t\t<\/div>","protected":false},"excerpt":{"rendered":"<p>Hanuri Korean Grill Mentions l\u00e9gales Mentions l\u00e9gales et politique de confidentialit\u00e9 1. \u00c9diteur du site Le site hanuri.fr est \u00e9dit\u00e9 par :KFR RESTAURATION (SAS)Si\u00e8ge social : 1 rue Victor Hugo \u2013 67204 AchenheimSIREN : 938 098 084SIRET : 938 098 084 00016TVA intracommunautaire : FR90938098084Code APE : 5610A \u2013 Restauration traditionnelleCapital social : 900 000 [&hellip;]<\/p>\n","protected":false},"author":13,"featured_media":0,"parent":0,"menu_order":0,"comment_status":"closed","ping_status":"closed","template":"","meta":{"inline_featured_image":false,"footnotes":""},"class_list":["post-307","page","type-page","status-publish","hentry"],"_links":{"self":[{"href":"https:\/\/www.hanuri.fr\/en\/wp-json\/wp\/v2\/pages\/307","targetHints":{"allow":["GET"]}}],"collection":[{"href":"https:\/\/www.hanuri.fr\/en\/wp-json\/wp\/v2\/pages"}],"about":[{"href":"https:\/\/www.hanuri.fr\/en\/wp-json\/wp\/v2\/types\/page"}],"author":[{"embeddable":true,"href":"https:\/\/www.hanuri.fr\/en\/wp-json\/wp\/v2\/users\/13"}],"replies":[{"embeddable":true,"href":"https:\/\/www.hanuri.fr\/en\/wp-json\/wp\/v2\/comments?post=307"}],"version-history":[{"count":25,"href":"https:\/\/www.hanuri.fr\/en\/wp-json\/wp\/v2\/pages\/307\/revisions"}],"predecessor-version":[{"id":2755,"href":"https:\/\/www.hanuri.fr\/en\/wp-json\/wp\/v2\/pages\/307\/revisions\/2755"}],"wp:attachment":[{"href":"https:\/\/www.hanuri.fr\/en\/wp-json\/wp\/v2\/media?parent=307"}],"curies":[{"name":"wp","href":"https:\/\/api.w.org\/{rel}","templated":true}]}}